{"id":4424,"date":"2023-11-21T19:47:31","date_gmt":"2023-11-21T18:47:31","guid":{"rendered":"https:\/\/fornovogas.it\/develop\/salons-et-evenements\/"},"modified":"2024-03-06T11:42:09","modified_gmt":"2024-03-06T10:42:09","slug":"salons-et-evenements","status":"publish","type":"page","link":"https:\/\/www.fornovogas.it\/fr\/salons-et-evenements\/","title":{"rendered":"Salons et \u00c9v\u00e9nements"},"content":{"rendered":"\t\t<div data-elementor-type=\"wp-page\" data-elementor-id=\"4424\" class=\"elementor elementor-4424 elementor-1665\" data-elementor-post-type=\"page\">\n\t\t\t\t<div class=\"elementor-element elementor-element-e2b4478 e-flex e-con-boxed e-con e-parent\" data-id=\"e2b4478\" data-element_type=\"container\" data-e-type=\"container\" id=\"page_hero\" data-settings=\"{&quot;background_background&quot;:&quot;classic&quot;}\">\n\t\t\t\t\t<div class=\"e-con-inner\">\n\t\t<div class=\"elementor-element elementor-element-4918f85 e-con-full e-flex e-con e-child\" data-id=\"4918f85\" data-element_type=\"container\" data-e-type=\"container\">\n\t\t\t\t<div class=\"elementor-element elementor-element-3068af9 elementor-widget elementor-widget-heading\" data-id=\"3068af9\" data-element_type=\"widget\" data-e-type=\"widget\" data-widget_type=\"heading.default\">\n\t\t\t\t\t<h1 class=\"elementor-heading-title elementor-size-default\">Salons et \u00c9v\u00e9nements<\/h1>\t\t\t\t<\/div>\n\t\t\t\t<\/div>\n\t\t\t\t\t<\/div>\n\t\t\t\t<\/div>\n\t\t<div class=\"elementor-element elementor-element-30349f3 e-flex e-con-boxed e-con e-parent\" data-id=\"30349f3\" data-element_type=\"container\" data-e-type=\"container\">\n\t\t\t\t\t<div class=\"e-con-inner\">\n\t\t\t\t<div class=\"elementor-element elementor-element-088a2dd filetto-azzurro elementor-widget elementor-widget-heading\" data-id=\"088a2dd\" data-element_type=\"widget\" data-e-type=\"widget\" data-widget_type=\"heading.default\">\n\t\t\t\t\t<h2 class=\"elementor-heading-title elementor-size-default\">TOUS LES \u00c9V\u00c9NEMENTS<\/h2>\t\t\t\t<\/div>\n\t\t\t\t<div class=\"elementor-element elementor-element-5ed323e elementor-widget elementor-widget-ucaddon_evento_post_list\" data-id=\"5ed323e\" data-element_type=\"widget\" data-e-type=\"widget\" data-widget_type=\"ucaddon_evento_post_list.default\">\n\t\t\t\t<div class=\"elementor-widget-container\">\n\t\t\t\t\t\n\n<style>\/* widget: Elenco Eventi *\/\n\n#uc_evento_post_list_elementor_5ed323e {\n  display: grid;\n  row-gap: 55px;\n  column-gap:30px;\n  grid-template-columns: repeat(4,1fr);\n}\n#uc_evento_post_list_elementor_5ed323e .item {\n  padding:30px 20px 20px 20px;\n  background-color: var(--e-global-color-primary);\n  color:#FFF;\n  border-radius:30px;\n  position:relative;\n  transition: 200ms background-color linear;\n}\n#uc_evento_post_list_elementor_5ed323e .item:hover,\n#uc_evento_post_list_elementor_5ed323e .item:hover .icona_evento {\n  background-color: var(--e-global-color-secondary);\n}\n#uc_evento_post_list_elementor_5ed323e .icona_evento {\n  position: absolute;\n  width: 40px;\n  height: 40px;\n  background: var(--e-global-color-primary);\n  border: 1px solid #FFF;\n  border-radius: 50%;\n  display: flex;\n  justify-content: center;\n  align-items: center;\n  top: -20px;\n  z-index:1;\n  transition: 200ms background-color linear;\n}\n#uc_evento_post_list_elementor_5ed323e .post_title {\n  font-size:18px;\n  margin:10px 0;\n  font-weight:700;\n}\n#uc_evento_post_list_elementor_5ed323e .post_title a {\n  color:#FFF;\n  transition: color 200ms linear;\n}\n#uc_evento_post_list_elementor_5ed323e .post_title a:hover {\n color:var(--e-global-color-secondary); \n}\n#uc_evento_post_list_elementor_5ed323e .post_event_item {\n  display:flex;\n  align-items: center;\n}\n#uc_evento_post_list_elementor_5ed323e .post_event_item .icona {\n  margin-right:15px;\n  width: 15px;\n}\n#uc_evento_post_list_elementor_5ed323e .post_event_item.digitale .icona {\n  width: 25px;\n}\n#uc_evento_post_list_elementor_5ed323e .post_event_item h6 {\n  margin:0;\n}\n\n@media screen and (max-width: 1023px) {\n  #uc_evento_post_list_elementor_5ed323e {\n    grid-template-columns: repeat(2, 1fr);\n    row-gap: 45px;\n    column-gap:20px;\n  }\n}\n@media screen and (max-width: 639px) {\n  #uc_evento_post_list_elementor_5ed323e {\n    display: block;\n  }\n  #uc_evento_post_list_elementor_5ed323e .item {\n    margin-bottom: 45px;\n  }\n  #uc_evento_post_list_elementor_5ed323e .item:last-child {\n    margin-bottom: 0px;\n  }\n}\n\n<\/style>\n\n<div id=\"uc_evento_post_list_elementor_5ed323e\">\n  \n      <p>Il n'y a aucun \u00e9v\u00e9nement \u00e0 afficher.<\/p>\n\n  <\/div>\t\t\t\t<\/div>\n\t\t\t\t<\/div>\n\t\t\t\t<div class=\"elementor-element elementor-element-e508033 elementor-widget elementor-widget-ucaddon_archive_pagination\" data-id=\"e508033\" data-element_type=\"widget\" data-e-type=\"widget\" data-widget_type=\"ucaddon_archive_pagination.default\">\n\t\t\t\t<div class=\"elementor-widget-container\">\n\t\t\t\t\t\n\n<style>\/* widget: Post Pagination *\/\n\n#uc_archive_pagination_elementor_e508033 nav\n{\n  padding:0px;\n  margin:0px;\n}\n\n#uc_archive_pagination_elementor_e508033 \n{\n  display:flex;\n  flex-wrap: wrap;\n  justify-content:center;\n}\n\n#uc_archive_pagination_elementor_e508033 .nav-links\n{\n  display:flex;\n  justify-content:center;\n}\n\n#uc_archive_pagination_elementor_e508033 .nav-links > *\n{\n}\n\n#uc_archive_pagination_elementor_e508033 .page-numbers\n{\n  display:flex;\n  \n  align-items:center;\n  justify-content:center;\n  transition:0.3s;\n  line-height:1em;\n}\n\n\n#uc_archive_pagination_elementor_e508033 a.page-numbers, #uc_archive_pagination_elementor_e508033 .dots\n{\n  color:#1C52A1;\n  background-color:#FFFFFF;\n}\n\n#uc_archive_pagination_elementor_e508033 a.page-numbers:hover\n{\n  color:#FFFFFF;\n  background-color:#1C52A1;\n}\n\n#uc_archive_pagination_elementor_e508033 .page-numbers.current,\n#uc_archive_pagination_elementor_e508033 .page-numbers.current:hover\n{\n  background-color:#1C52A1;\n  color:#FFFFFF;\n}\n\n\n#uc_archive_pagination_elementor_e508033 .page-numbers.prev, #uc_archive_pagination_elementor_e508033 .page-numbers.next\n{\n  padding-left:15px;\n  padding-right:15px;\n}\n\n\n\n#uc_archive_pagination_elementor_e508033 .prev:before {\n   font-family: \"Font Awesome 5 Free\";\n   content: \"\\f053\";\n   display: inline-block;\n   vertical-align: middle;\n   font-weight: 900;\n   padding-right:10px;}\n\n#uc_archive_pagination_elementor_e508033 .next:after {\n   font-family: \"Font Awesome 5 Free\";\n   content: \"\\f054\";\n   display: inline-block;\n   vertical-align: middle;\n   font-weight: 900;\n   padding-left:10px;}\n\n#uc_archive_pagination_elementor_e508033.uc-ajax-loading{\n\topacity:1 !important;\n}\n\n#uc_archive_pagination_elementor_e508033.uc-ajax-loading .current{\n\tposition:relative;\n    overflow:hidden;\n}\n\n\n#uc_archive_pagination_elementor_e508033.uc-ajax-loading .current:before{\n  content: \"\";\n  display:block;\n  width:100%;\n  height:100%;\n  box-sizing:border-box;\n  position:absolute;\n  top:0px;\n  left:0px;\n  background-color: #c2c2c2;\n  animation: uc-spinning-border 0.5s linear infinite;\n  opacity:50%;\n  border-radius:inherit;\n}\n\n@keyframes uc-spinning-border {\n\t0%{transform: scale(0);}\n\t100%{transform: scale(1); }\t\n}\n\n\n\n<\/style>\n\n<div id=\"uc_archive_pagination_elementor_e508033\" class=\"archive_pagination uc-filter-pagination\">\n\n<\/div>\t\t\t\t<\/div>\n\t\t\t\t<\/div>\n\t\t\t\t\t<\/div>\n\t\t\t\t<\/div>\n\t\t\t\t<\/div>\n\t\t","protected":false},"excerpt":{"rendered":"<p>Salons et \u00c9v\u00e9nements TOUS LES \u00c9V\u00c9NEMENTS 11\u201313 Settembre 2024 We move energy to Hydrogen Expo 2024 Piacenza Expo 1 2 3 4 5<\/p>\n","protected":false},"author":1,"featured_media":0,"parent":0,"menu_order":59,"comment_status":"closed","ping_status":"closed","template":"","meta":{"_acf_changed":false,"wl_entities_gutenberg":"","inline_featured_image":false,"footnotes":""},"wl_entity_type":[160],"class_list":["post-4424","page","type-page","status-publish","hentry","wl_entity_type-article-fr"],"acf":[],"_wl_alt_label":[],"wl:entity_url":"https:\/\/data.wordlift.io\/wl76787\/page\/salons-et-evenements","_links":{"self":[{"href":"https:\/\/www.fornovogas.it\/fr\/wp-json\/wp\/v2\/pages\/4424","targetHints":{"allow":["GET"]}}],"collection":[{"href":"https:\/\/www.fornovogas.it\/fr\/wp-json\/wp\/v2\/pages"}],"about":[{"href":"https:\/\/www.fornovogas.it\/fr\/wp-json\/wp\/v2\/types\/page"}],"author":[{"embeddable":true,"href":"https:\/\/www.fornovogas.it\/fr\/wp-json\/wp\/v2\/users\/1"}],"replies":[{"embeddable":true,"href":"https:\/\/www.fornovogas.it\/fr\/wp-json\/wp\/v2\/comments?post=4424"}],"version-history":[{"count":5,"href":"https:\/\/www.fornovogas.it\/fr\/wp-json\/wp\/v2\/pages\/4424\/revisions"}],"predecessor-version":[{"id":6124,"href":"https:\/\/www.fornovogas.it\/fr\/wp-json\/wp\/v2\/pages\/4424\/revisions\/6124"}],"wp:attachment":[{"href":"https:\/\/www.fornovogas.it\/fr\/wp-json\/wp\/v2\/media?parent=4424"}],"wp:term":[{"taxonomy":"wl_entity_type","embeddable":true,"href":"https:\/\/www.fornovogas.it\/fr\/wp-json\/wp\/v2\/wl_entity_type?post=4424"}],"curies":[{"name":"wp","href":"https:\/\/api.w.org\/{rel}","templated":true}]}}