{"id":5760,"date":"2022-03-22T14:40:15","date_gmt":"2022-03-22T13:40:15","guid":{"rendered":"https:\/\/fornovogas.it\/develop\/politique-de-confidentialite\/"},"modified":"2024-07-08T12:55:13","modified_gmt":"2024-07-08T10:55:13","slug":"politique-de-confidentialite","status":"publish","type":"page","link":"https:\/\/www.fornovogas.it\/fr\/politique-de-confidentialite\/","title":{"rendered":"Politique de confidentialit\u00e9"},"content":{"rendered":"\t\t<div data-elementor-type=\"wp-page\" data-elementor-id=\"5760\" class=\"elementor elementor-5760 elementor-3\" data-elementor-post-type=\"page\">\n\t\t\t\t<div class=\"elementor-element elementor-element-667a23d e-flex e-con-boxed e-con e-parent\" data-id=\"667a23d\" data-element_type=\"container\" data-e-type=\"container\">\n\t\t\t\t\t<div class=\"e-con-inner\">\n\t\t<div class=\"elementor-element elementor-element-79052c0 e-flex e-con-boxed e-con e-child\" data-id=\"79052c0\" data-element_type=\"container\" data-e-type=\"container\">\n\t\t\t\t\t<div class=\"e-con-inner\">\n\t\t\t\t<div class=\"elementor-element elementor-element-2656a27 elementor-widget elementor-widget-heading\" data-id=\"2656a27\" data-element_type=\"widget\" data-e-type=\"widget\" data-widget_type=\"heading.default\">\n\t\t\t\t\t<h2 class=\"elementor-heading-title elementor-size-default\"> Politique de confidentialit\u00e9<\/h2>\t\t\t\t<\/div>\n\t\t\t\t<div class=\"elementor-element elementor-element-3d5d34c elementor-widget elementor-widget-text-editor\" data-id=\"3d5d34c\" data-element_type=\"widget\" data-e-type=\"widget\" data-widget_type=\"text-editor.default\">\n\t\t\t\t\t\t\t\t\t<p><strong>Propri\u00e9taire du traitement des donn\u00e9es<br \/><\/strong>Fornovo Gas S.p.A.<\/p><p><strong>Types de donn\u00e9es collect\u00e9es<\/strong><br \/>Le site recueille des donn\u00e9es de navigation \u00e0 partir d\u2019autres syst\u00e8mes informatiques responsables du fonctionnement du site lui-m\u00eame, ces donn\u00e9es sont acquises au cours de son exercice normal, dont la transmission est implicite dans l\u2019utilisation des protocoles de communication Internet.<br \/>Ces informations, qui ne sont pas collect\u00e9es pour \u00eatre associ\u00e9es aux personnes directement touch\u00e9es, de par leur nature m\u00eame, pourraient, par le biais du traitement et des associations avec des donn\u00e9es d\u00e9tenues par des tiers, permettre d\u2019identifier les utilisateurs. Cette cat\u00e9gorie de donn\u00e9es comprend les adresses IP ou les noms de domaine des ordinateurs utilis\u00e9s par les utilisateurs se connectant au site, les adresses de notation uniformes de l\u2019identificateur de ressource (URI) des ressources demand\u00e9es, l\u2019heure de la demande, la m\u00e9thode utilis\u00e9e lors de la pr\u00e9sentation de la demande au serveur.<br \/>En outre, les donn\u00e9es pourraient \u00eatre utilis\u00e9es pour d\u00e9terminer la responsabilit\u00e9 en cas de cybercriminalit\u00e9 hypoth\u00e9tique contre le site, mais seulement \u00e0 la demande des organes de contr\u00f4le responsables.<\/p><p><strong>Donn\u00e9es fournies volontairement par l\u2019utilisateur<\/strong><br \/>L\u2019envoi facultatif, explicite et volontaire de donn\u00e9es par e-mail aux adresses e-mail de ce site implique l\u2019acquisition ult\u00e9rieure de l\u2019adresse de l\u2019exp\u00e9diteur, n\u00e9cessaire pour r\u00e9pondre aux demandes, ainsi que toute autre donn\u00e9e personnelle saisie dans le message \u00e9lectronique.<br \/>Statistiques, Ce site recueille des donn\u00e9es statistiques agr\u00e9g\u00e9es sur les pr\u00e9f\u00e9rences des utilisateurs et la fa\u00e7on dont ils naviguent\u202f; les donn\u00e9es sont collect\u00e9es et trait\u00e9es via le syst\u00e8me d\u2019analitycs Google.<br \/>Google Analytics est un service d\u2019analyse web fourni par Google Inc. (\u00ab\u202fGoogle\u202f\u00bb). Google utilise les donn\u00e9es collect\u00e9es pour suivre et examiner l\u2019utilisation de ce site, cr\u00e9er des rapports pour les partager avec d\u2019autres services d\u00e9velopp\u00e9s par Google.<br \/>Pour en savoir plus, visitez la page d\u2019information de Google.<br \/><a href=\"http:\/\/www.google.com\/policies\/technologies\/product-privacy\/\" target=\"_blank\" rel=\"noopener\">http:\/\/www.google.com\/policies\/technologies\/product-privacy\/<\/a><\/p><p><strong>Comment le traiter<\/strong><br \/>Le titulaire traite les donn\u00e9es personnelles des Utilisateurs en prenant les mesures de s\u00e9curit\u00e9 appropri\u00e9es pour emp\u00eacher l\u2019acc\u00e8s non autoris\u00e9, la divulgation, la modification ou la destruction des donn\u00e9es personnelles.<br \/>Le traitement est effectu\u00e9 au moyen d\u2019outils informatiques et\/ou t\u00e9l\u00e9matiques, selon des modalit\u00e9s organisationnelles et avec des logiques \u00e9troitement li\u00e9es aux objectifs vis\u00e9s. En plus du titulaire, dans certains cas, ils peuvent avoir acc\u00e8s aux cat\u00e9gories de donn\u00e9es des personnes nomm\u00e9es impliqu\u00e9es dans l\u2019organisation du site et de l\u2019entreprise (personnel technique, commercial, marketing, administrateurs syst\u00e8me) puis aussi des fournisseurs de services tiers (fournisseurs d\u2019h\u00e9bergement) nomm\u00e9s, si n\u00e9cessaire, responsables du traitement par le propri\u00e9taire. La liste mise \u00e0 jour des gestionnaires peut toujours \u00eatre demand\u00e9e au propri\u00e9taire du traitement.<\/p><p><strong>Lieu de conservation<\/strong><br \/>Les donn\u00e9es sont trait\u00e9es au si\u00e8ge du titulaire et dans tout autre endroit o\u00f9 se trouvent les parties impliqu\u00e9es dans le traitement. Pour plus d\u2019informations, contactez le titulaire.<\/p><p><strong>Temps de conservation<\/strong><br \/>Les donn\u00e9es sont trait\u00e9es pour le temps n\u00e9cessaire \u00e0 l\u2019ex\u00e9cution du service demand\u00e9 par l\u2019Utilisateur, ou requis par les fins d\u00e9crites dans ce document, et vous pouvez toujours demander l\u2019interruption du traitement ou la suppression des donn\u00e9es.<\/p><p><strong>Finalit\u00e9 du traitement des donn\u00e9es<\/strong><br \/>Vos donn\u00e9es sont collect\u00e9es pour permettre au propri\u00e9taire de fournir ses services, ainsi que des donn\u00e9es statistiques et toute interaction avec les r\u00e9seaux sociaux et les plates-formes externes dans le seul but de lire l\u2019acc\u00e8s aux demandes d\u2019amis des utilisateurs.<\/p><p><strong>En savoir plus sur le traitement de la D\u00e9fense devant les tribunaux<\/strong><br \/>Vos donn\u00e9es personnelles peuvent \u00eatre utilis\u00e9es pour la d\u00e9fense par le titulaire devant les tribunaux ou dans les phases de pr\u00e9-\u00e9tablissement, face aux abus dans l\u2019utilisation des m\u00eames services ou des services connexes par l\u2019Utilisateur.<br \/>Vous d\u00e9clarez que vous \u00eates au courant le titulaire peut \u00eatre tenu de divulguer les donn\u00e9es \u00e0 la demande des autorit\u00e9s publiques.<\/p><p><strong>Journaux syst\u00e8me et maintenance<\/strong><br \/>En raison des besoins de travail et de maintenance, cette application et tous les services tiers qu\u2019elle utilise peuvent collecter des journaux syst\u00e8me, qui sont des fichiers qui enregistrent des interactions et peuvent \u00e9galement contenir des donn\u00e9es personnelles, telles que l\u2019adresse IP de l\u2019utilisateur.<\/p><p><strong>Informations non contenues dans cette politique<\/strong><br \/>De plus amples informations relatives au traitement des donn\u00e9es personnelles peuvent \u00eatre demand\u00e9es \u00e0 tout moment au titulaire du traitement en utilisant les coordonn\u00e9es fournies.<\/p><p><strong>Exercice des droits des utilisateurs<\/strong><br \/>Les personnes concern\u00e9es par les donn\u00e9es personnelles ont \u00e0 tout moment le droit d\u2019obtenir la confirmation de l\u2019existence ou non des donn\u00e9es aupr\u00e8s du Titulaire, de conna\u00eetre leur contenu et leur origine, de v\u00e9rifier leur exactitude ou de demander son int\u00e9gration, leur annulation, leur mise \u00e0 jour, leur ajustement, leur transformation anonyme ou leur blocage des donn\u00e9es \u00e0 caract\u00e8re personnel trait\u00e9s en violation de la loi, ainsi que dans tous les cas, pour des raisons l\u00e9gitimes, s\u2019opposent \u00e0 leur traitement. Les demandes doivent \u00eatre faites au titulaire du traitement.<\/p><p><strong>Modifications apport\u00e9es \u00e0 cette politique de confidentialit\u00e9<\/strong><br \/>Le titulaire du traitement se r\u00e9serve le droit d\u2019apporter des modifications \u00e0 cette politique de confidentialit\u00e9 \u00e0 tout moment en informant les utilisateurs sur cette page. Veuillez consulter cette page souvent, en prenant comme r\u00e9f\u00e9rence la date du dernier changement indiqu\u00e9 en bas. Si vous n\u2019acceptez pas les modifications apport\u00e9es \u00e0 cette politique de confidentialit\u00e9, vous devez cesser d\u2019utiliser cette application et pouvez exiger du titulaire du traitement qu\u2019il supprime vos donn\u00e9es personnelles. Sauf indication contraire, la politique de confidentialit\u00e9 pr\u00e9c\u00e9dente continuera a s\u2019appliquer aux donn\u00e9es personnelles collect\u00e9es jusqu\u2019\u00e0 ce moment.<\/p><p><strong>\u00c0 propos de cette politique de confidentialit\u00e9<\/strong><br \/>Le titulaire du traitement des donn\u00e9es est responsable de cette politique de confidentialit\u00e9.<\/p>\t\t\t\t\t\t\t\t<\/div>\n\t\t\t\t\t<\/div>\n\t\t\t\t<\/div>\n\t\t\t\t\t<\/div>\n\t\t\t\t<\/div>\n\t\t\t\t<\/div>\n\t\t","protected":false},"excerpt":{"rendered":"<p>Politique de confidentialit\u00e9 Propri\u00e9taire du traitement des donn\u00e9esFornovo Gas S.p.A. Types de donn\u00e9es collect\u00e9esLe site recueille des donn\u00e9es de navigation \u00e0 partir d\u2019autres syst\u00e8mes informatiques responsables du fonctionnement du site lui-m\u00eame, ces donn\u00e9es sont acquises au cours de son exercice normal, dont la transmission est implicite dans l\u2019utilisation des protocoles de communication Internet.Ces informations, qui [&hellip;]<\/p>\n","protected":false},"author":1,"featured_media":0,"parent":0,"menu_order":74,"comment_status":"closed","ping_status":"open","template":"","meta":{"_acf_changed":false,"wl_entities_gutenberg":"","inline_featured_image":false,"footnotes":""},"wl_entity_type":[160],"class_list":["post-5760","page","type-page","status-publish","hentry","wl_entity_type-article-fr"],"acf":[],"_wl_alt_label":[],"wl:entity_url":"https:\/\/data.wordlift.io\/wl76787\/page\/politique-de-confidentialite","_links":{"self":[{"href":"https:\/\/www.fornovogas.it\/fr\/wp-json\/wp\/v2\/pages\/5760","targetHints":{"allow":["GET"]}}],"collection":[{"href":"https:\/\/www.fornovogas.it\/fr\/wp-json\/wp\/v2\/pages"}],"about":[{"href":"https:\/\/www.fornovogas.it\/fr\/wp-json\/wp\/v2\/types\/page"}],"author":[{"embeddable":true,"href":"https:\/\/www.fornovogas.it\/fr\/wp-json\/wp\/v2\/users\/1"}],"replies":[{"embeddable":true,"href":"https:\/\/www.fornovogas.it\/fr\/wp-json\/wp\/v2\/comments?post=5760"}],"version-history":[{"count":5,"href":"https:\/\/www.fornovogas.it\/fr\/wp-json\/wp\/v2\/pages\/5760\/revisions"}],"predecessor-version":[{"id":8235,"href":"https:\/\/www.fornovogas.it\/fr\/wp-json\/wp\/v2\/pages\/5760\/revisions\/8235"}],"wp:attachment":[{"href":"https:\/\/www.fornovogas.it\/fr\/wp-json\/wp\/v2\/media?parent=5760"}],"wp:term":[{"taxonomy":"wl_entity_type","embeddable":true,"href":"https:\/\/www.fornovogas.it\/fr\/wp-json\/wp\/v2\/wl_entity_type?post=5760"}],"curies":[{"name":"wp","href":"https:\/\/api.w.org\/{rel}","templated":true}]}}